{"id":14,"date":"2021-06-19T13:42:46","date_gmt":"2021-06-19T11:42:46","guid":{"rendered":"https:\/\/burkinath.org\/?page_id=14"},"modified":"2021-06-19T16:58:37","modified_gmt":"2021-06-19T14:58:37","slug":"accueil","status":"publish","type":"page","link":"https:\/\/burkinath.org\/","title":{"rendered":"Accueil"},"content":{"rendered":"\n<p>Bienvenue sur le site de l&#8217;Association BurkinaTH. Association humanitaire cr\u00e9\u00e9e en 2004 venant en aide aux populations du Burkina Faso.<\/p>\n\n\n\n<p>Cette association ne m\u00e9nage pas sa peine pour que soient achemin\u00e9s ambulances, camions, fourgons, voitures charg\u00e9es de mat\u00e9riel m\u00e9dical et scolaire \u00e0 des villages burkinab\u00e9s. Mais outre cette aide mat\u00e9rielle cons\u00e9quente, c\u2019est aussi financi\u00e8rement que Burkina TH a soutenu les villages et notamment en \u0153uvrant pour la construction de puits dans des zones qui ne disposaient pas d\u2019eau.<\/p>\n\n\n\n<p><\/p>\n\n\n\n\t<div class=\"gs_logo_area gs_logo_area_1 slider1\" style=\"opacity: 0; visibility: hidden;\">\n\t\t<div class=\"gs_logo_area--inner\">\n\n\t\t\t\n<div class=\"gs_logo_container gs_carousel_swiper gs_logo_fix_height_and_center\" data-carousel-config='{\"direction\":\"horizontal\",\"speed\":500,\"isAutoplay\":true,\"autoplayDelay\":2000,\"loop\":true,\"pauseOnHover\":true,\"ticker\":false,\"navs\":false,\"navs_pos\":\"bottom\",\"dots\":false,\"dynamic_dots\":true,\"slideSpace\":10,\"slidesPerGroup\":1,\"desktopLogos\":5,\"tabletLogos\":3,\"mobileLogos\":2,\"reverseDirection\":false}'>\n\n\t\n\t\t\n\t\t\t<div class=\"gs_logo_single--wrapper\">\n\t\t\t\t<div class=\"gs_logo_single\">\n\n\t\t\t\t\t<!-- Logo Title -->\n\t\t\t\t\t<img width=\"525\" height=\"497\" src=\"https:\/\/burkinath.org\/wp-content\/uploads\/2021\/06\/lions-logo_2c-1024x970.jpg\" class=\"gs-logo--img wp-post-image\" alt=\"\" loading=\"lazy\" title=\"Lions\" srcset=\"https:\/\/burkinath.org\/wp-content\/uploads\/2021\/06\/lions-logo_2c-1024x970.jpg 1024w, https:\/\/burkinath.org\/wp-content\/uploads\/2021\/06\/lions-logo_2c-300x284.jpg 300w, https:\/\/burkinath.org\/wp-content\/uploads\/2021\/06\/lions-logo_2c-768x727.jpg 768w, https:\/\/burkinath.org\/wp-content\/uploads\/2021\/06\/lions-logo_2c-1536x1454.jpg 1536w, https:\/\/burkinath.org\/wp-content\/uploads\/2021\/06\/lions-logo_2c.jpg 1600w\" sizes=\"100vw\" \/>\n\t\t\t\t\t<!-- Logo Title -->\n\t\t\t\t\t\t\t\t\t\t\n\t\t\t\t\t<!-- Logo Category -->\n\t\t\t\t\t\t\t\t\t\t\n\t\t\t\t<\/div>\n\t\t\t<\/div>\n\n\t\t\n\t\t\t<div class=\"gs_logo_single--wrapper\">\n\t\t\t\t<div class=\"gs_logo_single\">\n\n\t\t\t\t\t<!-- Logo Title -->\n\t\t\t\t\t<img width=\"221\" height=\"120\" src=\"https:\/\/burkinath.org\/wp-content\/uploads\/2021\/06\/logoifts.png\" class=\"gs-logo--img wp-post-image\" alt=\"\" loading=\"lazy\" title=\"IFTS\" sizes=\"100vw\" \/>\n\t\t\t\t\t<!-- Logo Title -->\n\t\t\t\t\t\t\t\t\t\t\n\t\t\t\t\t<!-- Logo Category -->\n\t\t\t\t\t\t\t\t\t\t\n\t\t\t\t<\/div>\n\t\t\t<\/div>\n\n\t\t\n\t\t\t<div class=\"gs_logo_single--wrapper\">\n\t\t\t\t<div class=\"gs_logo_single\">\n\n\t\t\t\t\t<!-- Logo Title -->\n\t\t\t\t\t<img width=\"289\" height=\"98\" src=\"https:\/\/burkinath.org\/wp-content\/uploads\/2021\/06\/logo_eau47.png\" class=\"gs-logo--img wp-post-image\" alt=\"\" loading=\"lazy\" title=\"Eau 47\" sizes=\"100vw\" \/>\n\t\t\t\t\t<!-- Logo Title -->\n\t\t\t\t\t\t\t\t\t\t\n\t\t\t\t\t<!-- Logo Category -->\n\t\t\t\t\t\t\t\t\t\t\n\t\t\t\t<\/div>\n\t\t\t<\/div>\n\n\t\t\n\t\t\t<div class=\"gs_logo_single--wrapper\">\n\t\t\t\t<div class=\"gs_logo_single\">\n\n\t\t\t\t\t<!-- Logo Title -->\n\t\t\t\t\t<img width=\"525\" height=\"525\" src=\"https:\/\/burkinath.org\/wp-content\/uploads\/2021\/06\/cobaty-photoshopv2-1024x1024.jpg\" class=\"gs-logo--img wp-post-image\" alt=\"\" loading=\"lazy\" title=\"Cobaty\" srcset=\"https:\/\/burkinath.org\/wp-content\/uploads\/2021\/06\/cobaty-photoshopv2-1024x1024.jpg 1024w, https:\/\/burkinath.org\/wp-content\/uploads\/2021\/06\/cobaty-photoshopv2-300x300.jpg 300w, https:\/\/burkinath.org\/wp-content\/uploads\/2021\/06\/cobaty-photoshopv2-150x150.jpg 150w, https:\/\/burkinath.org\/wp-content\/uploads\/2021\/06\/cobaty-photoshopv2-768x768.jpg 768w, https:\/\/burkinath.org\/wp-content\/uploads\/2021\/06\/cobaty-photoshopv2-100x100.jpg 100w, https:\/\/burkinath.org\/wp-content\/uploads\/2021\/06\/cobaty-photoshopv2.jpg 1181w\" sizes=\"100vw\" \/>\n\t\t\t\t\t<!-- Logo Title -->\n\t\t\t\t\t\t\t\t\t\t\n\t\t\t\t\t<!-- Logo Category -->\n\t\t\t\t\t\t\t\t\t\t\n\t\t\t\t<\/div>\n\t\t\t<\/div>\n\n\t\t\n\t\t\t<div class=\"gs_logo_single--wrapper\">\n\t\t\t\t<div class=\"gs_logo_single\">\n\n\t\t\t\t\t<!-- Logo Title -->\n\t\t\t\t\t<img width=\"500\" height=\"500\" src=\"https:\/\/burkinath.org\/wp-content\/uploads\/2021\/06\/boe.png\" class=\"gs-logo--img wp-post-image\" alt=\"\" loading=\"lazy\" title=\"Ville de Bo\u00e9\" srcset=\"https:\/\/burkinath.org\/wp-content\/uploads\/2021\/06\/boe.png 500w, https:\/\/burkinath.org\/wp-content\/uploads\/2021\/06\/boe-300x300.png 300w, https:\/\/burkinath.org\/wp-content\/uploads\/2021\/06\/boe-150x150.png 150w, https:\/\/burkinath.org\/wp-content\/uploads\/2021\/06\/boe-100x100.png 100w\" sizes=\"100vw\" \/>\n\t\t\t\t\t<!-- Logo Title -->\n\t\t\t\t\t\t\t\t\t\t\n\t\t\t\t\t<!-- Logo Category -->\n\t\t\t\t\t\t\t\t\t\t\n\t\t\t\t<\/div>\n\t\t\t<\/div>\n\n\t\t\n\t\t\t<div class=\"gs_logo_single--wrapper\">\n\t\t\t\t<div class=\"gs_logo_single\">\n\n\t\t\t\t\t<!-- Logo Title -->\n\t\t\t\t\t<img width=\"242\" height=\"208\" src=\"https:\/\/burkinath.org\/wp-content\/uploads\/2021\/06\/telechargement.jpg\" class=\"gs-logo--img wp-post-image\" alt=\"\" loading=\"lazy\" title=\"Saur\" sizes=\"100vw\" \/>\n\t\t\t\t\t<!-- Logo Title -->\n\t\t\t\t\t\t\t\t\t\t\n\t\t\t\t\t<!-- Logo Category -->\n\t\t\t\t\t\t\t\t\t\t\n\t\t\t\t<\/div>\n\t\t\t<\/div>\n\n\t\t\t\t\n\t\n<\/div>\t\t<\/div>\n\t<\/div>\n\n\t","protected":false},"excerpt":{"rendered":"<p>Bienvenue sur le site de l&#8217;Association BurkinaTH. Association humanitaire cr\u00e9\u00e9e en 2004 venant en aide aux populations du Burkina Faso. Cette association ne m\u00e9nage pas sa peine pour que soient achemin\u00e9s ambulances, camions, fourgons, voitures charg\u00e9es de mat\u00e9riel m\u00e9dical et scolaire \u00e0 des villages burkinab\u00e9s. Mais outre cette aide mat\u00e9rielle cons\u00e9quente, c\u2019est aussi financi\u00e8rement que &hellip; <\/p>\n<p class=\"link-more\"><a href=\"https:\/\/burkinath.org\/\" class=\"more-link\">Continue reading<span class=\"screen-reader-text\"> &#8220;Accueil&#8221;<\/span><\/a><\/p>\n","protected":false},"author":1,"featured_media":0,"parent":0,"menu_order":0,"comment_status":"closed","ping_status":"closed","template":"","meta":{"ngg_post_thumbnail":0},"_links":{"self":[{"href":"https:\/\/burkinath.org\/index.php\/wp-json\/wp\/v2\/pages\/14"}],"collection":[{"href":"https:\/\/burkinath.org\/index.php\/wp-json\/wp\/v2\/pages"}],"about":[{"href":"https:\/\/burkinath.org\/index.php\/wp-json\/wp\/v2\/types\/page"}],"author":[{"embeddable":true,"href":"https:\/\/burkinath.org\/index.php\/wp-json\/wp\/v2\/users\/1"}],"replies":[{"embeddable":true,"href":"https:\/\/burkinath.org\/index.php\/wp-json\/wp\/v2\/comments?post=14"}],"version-history":[{"count":4,"href":"https:\/\/burkinath.org\/index.php\/wp-json\/wp\/v2\/pages\/14\/revisions"}],"predecessor-version":[{"id":143,"href":"https:\/\/burkinath.org\/index.php\/wp-json\/wp\/v2\/pages\/14\/revisions\/143"}],"wp:attachment":[{"href":"https:\/\/burkinath.org\/index.php\/wp-json\/wp\/v2\/media?parent=14"}],"curies":[{"name":"wp","href":"https:\/\/api.w.org\/{rel}","templated":true}]}}