{"id":41,"date":"2021-06-19T14:43:15","date_gmt":"2021-06-19T12:43:15","guid":{"rendered":"https:\/\/burkinath.org\/?page_id=41"},"modified":"2021-06-19T16:44:21","modified_gmt":"2021-06-19T14:44:21","slug":"les-missions","status":"publish","type":"page","link":"https:\/\/burkinath.org\/index.php\/les-missions\/","title":{"rendered":"Les Missions"},"content":{"rendered":"\n<p>Voici les derni\u00e8res missions de l&#8217;Association:<\/p>\n\n\n<! ========= Cool Timeline Free 2.4.5 =========><div class=\"cool_timeline cool-timeline-wrapper both-sided-wrapper white-timeline-wrapper clean-skin-tm\"><h1 class=\"timeline-main-title center-block\">Les Missions<\/h1><div class=\"cool-timeline white-timeline ultimate-style both-sided-wrapper vertical \"><div data-animations=\"none\"  id=\"ctl-free-one\" class=\"cooltimeline_cont  clearfix icons_no\"><div  data-aos=\"none\"  class=\"timeline-year scrollable-section\"\r\n\t\t\t\t\t\t\t\tdata-section-title=\"2017\" id=\"clt-2017\">\r\n\t\t\t\t\t\t\t\t<div class=\"icon-placeholder\"><span class=\"ctl-timeline-date\">2017<\/span><\/div>\r\n\t\t\t\t\t\t\t\t<div class=\"timeline-bar\"><\/div>\r\n\t\t\t\t\t\t\t\t<\/div><!-- .timeline-post-start--><div  class=\"timeline-post even light-grey-post icons_no  clean-skin\"  id=\"story-197\"><div  data-aos=\"none\" class=\"timeline-meta\"><div class=\"meta-details\">2017<\/div><\/div><div  data-aos=\"none\" class=\"timeline-icon icon-dot-full\"><div class=\"timeline-bar\"><\/div><\/div><div  data-aos=\"none\" class=\"timeline-content clearfix\"><h2 class=\"content-title\">2017<\/h2><div class=\"ctl_info event-description full\"><div class=\"full-width\"><a title=\"2017\"  href=\"https:\/\/burkinath.org\/wp-content\/uploads\/2021\/06\/tambours-1.jpg\" class=\"ctl_prettyPhoto\"><img width=\"525\" height=\"392\" src=\"https:\/\/burkinath.org\/wp-content\/uploads\/2021\/06\/tambours-1.jpg\" class=\"story-img wp-post-image\" alt=\"2017\" loading=\"lazy\" srcset=\"https:\/\/burkinath.org\/wp-content\/uploads\/2021\/06\/tambours-1.jpg 727w, https:\/\/burkinath.org\/wp-content\/uploads\/2021\/06\/tambours-1-300x224.jpg 300w\" sizes=\"100vw\" \/><\/a><\/div><div class=\"content-details\">La mission 2017 \u00e0 eu pour but de convoyer un mini bus de 9 places et de participer au financement pour le &nbsp;forage d\u2019un puits dans un village de ce..<a class=\"read_more ctl_read_more\" target=\"_self\" href=\"https:\/\/burkinath.org\/index.php\/cool_timeline\/2017\/\">Read More<\/a><\/div><\/div><\/div><!-- timeline content --><\/div><!-- .timeline-post-end --><div  data-aos=\"none\"  class=\"timeline-year scrollable-section\"\r\n\t\t\t\t\t\t\t\tdata-section-title=\"2015\" id=\"clt-2015\">\r\n\t\t\t\t\t\t\t\t<div class=\"icon-placeholder\"><span class=\"ctl-timeline-date\">2015<\/span><\/div>\r\n\t\t\t\t\t\t\t\t<div class=\"timeline-bar\"><\/div>\r\n\t\t\t\t\t\t\t\t<\/div><!-- .timeline-post-start--><div  class=\"timeline-post odd light-grey-post icons_no  clean-skin\"  id=\"story-196\"><div  data-aos=\"none\" class=\"timeline-meta\"><div class=\"meta-details\">2015<\/div><\/div><div  data-aos=\"none\" class=\"timeline-icon icon-dot-full\"><div class=\"timeline-bar\"><\/div><\/div><div  data-aos=\"none\" class=\"timeline-content clearfix\"><h2 class=\"content-title\">2015<\/h2><div class=\"ctl_info event-description full\"><div class=\"full-width\"><a title=\"2015\"  href=\"https:\/\/burkinath.org\/wp-content\/uploads\/2021\/06\/2015-1-scaled.jpg\" class=\"ctl_prettyPhoto\"><img width=\"525\" height=\"348\" src=\"https:\/\/burkinath.org\/wp-content\/uploads\/2021\/06\/2015-1-1024x678.jpg\" class=\"story-img wp-post-image\" alt=\"2015\" loading=\"lazy\" srcset=\"https:\/\/burkinath.org\/wp-content\/uploads\/2021\/06\/2015-1-1024x678.jpg 1024w, https:\/\/burkinath.org\/wp-content\/uploads\/2021\/06\/2015-1-300x199.jpg 300w, https:\/\/burkinath.org\/wp-content\/uploads\/2021\/06\/2015-1-768x509.jpg 768w, https:\/\/burkinath.org\/wp-content\/uploads\/2021\/06\/2015-1-1536x1017.jpg 1536w, https:\/\/burkinath.org\/wp-content\/uploads\/2021\/06\/2015-1-2048x1356.jpg 2048w\" sizes=\"100vw\" \/><\/a><\/div><div class=\"content-details\">Envoi par bateau d\u2019une ambulance remplie de m\u00e9dicaments et de v\u00eatements<\/div><\/div><\/div><!-- timeline content --><\/div><!-- .timeline-post-end --><div  data-aos=\"none\"  class=\"timeline-year scrollable-section\"\r\n\t\t\t\t\t\t\t\tdata-section-title=\"2014\" id=\"clt-2014\">\r\n\t\t\t\t\t\t\t\t<div class=\"icon-placeholder\"><span class=\"ctl-timeline-date\">2014<\/span><\/div>\r\n\t\t\t\t\t\t\t\t<div class=\"timeline-bar\"><\/div>\r\n\t\t\t\t\t\t\t\t<\/div><!-- .timeline-post-start--><div  class=\"timeline-post even light-grey-post icons_no  clean-skin\"  id=\"story-194\"><div  data-aos=\"none\" class=\"timeline-meta\"><div class=\"meta-details\">2014<\/div><\/div><div  data-aos=\"none\" class=\"timeline-icon icon-dot-full\"><div class=\"timeline-bar\"><\/div><\/div><div  data-aos=\"none\" class=\"timeline-content clearfix\"><h2 class=\"content-title\">2014<\/h2><div class=\"ctl_info event-description full\"><div class=\"full-width\"><a title=\"2014\"  href=\"https:\/\/burkinath.org\/wp-content\/uploads\/2021\/06\/2015-1-2-scaled.jpg\" class=\"ctl_prettyPhoto\"><img width=\"525\" height=\"348\" src=\"https:\/\/burkinath.org\/wp-content\/uploads\/2021\/06\/2015-1-2-1024x678.jpg\" class=\"story-img wp-post-image\" alt=\"2014\" loading=\"lazy\" srcset=\"https:\/\/burkinath.org\/wp-content\/uploads\/2021\/06\/2015-1-2-1024x678.jpg 1024w, https:\/\/burkinath.org\/wp-content\/uploads\/2021\/06\/2015-1-2-300x199.jpg 300w, https:\/\/burkinath.org\/wp-content\/uploads\/2021\/06\/2015-1-2-768x509.jpg 768w, https:\/\/burkinath.org\/wp-content\/uploads\/2021\/06\/2015-1-2-1536x1017.jpg 1536w, https:\/\/burkinath.org\/wp-content\/uploads\/2021\/06\/2015-1-2-2048x1356.jpg 2048w\" sizes=\"100vw\" \/><\/a><\/div><div class=\"content-details\">Budget&nbsp;: 31700 euros Construction d\u2019une classe village de SIOU Fourniture de m\u00e9dicaments Forage de deux puits&nbsp; village de SOULA et banlieue de Ouagadougou Divers travaux au dispensaire Noomwend\u00e9<\/div><\/div><\/div><!-- timeline content --><\/div><!-- .timeline-post-end --><div  data-aos=\"none\"  class=\"timeline-year scrollable-section\"\r\n\t\t\t\t\t\t\t\tdata-section-title=\"2013\" id=\"clt-2013\">\r\n\t\t\t\t\t\t\t\t<div class=\"icon-placeholder\"><span class=\"ctl-timeline-date\">2013<\/span><\/div>\r\n\t\t\t\t\t\t\t\t<div class=\"timeline-bar\"><\/div>\r\n\t\t\t\t\t\t\t\t<\/div><!-- .timeline-post-start--><div  class=\"timeline-post odd light-grey-post icons_no  clean-skin\"  id=\"story-192\"><div  data-aos=\"none\" class=\"timeline-meta\"><div class=\"meta-details\">2013<\/div><\/div><div  data-aos=\"none\" class=\"timeline-icon icon-dot-full\"><div class=\"timeline-bar\"><\/div><\/div><div  data-aos=\"none\" class=\"timeline-content clearfix\"><h2 class=\"content-title\">2013<\/h2><div class=\"ctl_info event-description full\"><div class=\"full-width\"><a title=\"2013\"  href=\"https:\/\/burkinath.org\/wp-content\/uploads\/2021\/06\/2014-1-2.jpg\" class=\"ctl_prettyPhoto\"><img width=\"525\" height=\"394\" src=\"https:\/\/burkinath.org\/wp-content\/uploads\/2021\/06\/2014-1-2-1024x768.jpg\" class=\"story-img wp-post-image\" alt=\"2013\" loading=\"lazy\" srcset=\"https:\/\/burkinath.org\/wp-content\/uploads\/2021\/06\/2014-1-2-1024x768.jpg 1024w, https:\/\/burkinath.org\/wp-content\/uploads\/2021\/06\/2014-1-2-300x225.jpg 300w, https:\/\/burkinath.org\/wp-content\/uploads\/2021\/06\/2014-1-2-768x576.jpg 768w, https:\/\/burkinath.org\/wp-content\/uploads\/2021\/06\/2014-1-2-1536x1152.jpg 1536w, https:\/\/burkinath.org\/wp-content\/uploads\/2021\/06\/2014-1-2-2048x1536.jpg 2048w\" sizes=\"100vw\" \/><\/a><\/div><div class=\"content-details\">Envoi d\u2019un fourgon (offert par ERDF) et deux ambulances (Offertes par ABC Ambulance et Clemente) Financement de travaux \u00e0 hauteur de 4000\u20ac au dispensaire Fourniture de m\u00e9dicaments (10.000 \u20ac offerts..<a class=\"read_more ctl_read_more\" target=\"_self\" href=\"https:\/\/burkinath.org\/index.php\/cool_timeline\/2013\/\">Read More<\/a><\/div><\/div><\/div><!-- timeline content --><\/div><!-- .timeline-post-end --><div  data-aos=\"none\"  class=\"timeline-year scrollable-section\"\r\n\t\t\t\t\t\t\t\tdata-section-title=\"2011\" id=\"clt-2011\">\r\n\t\t\t\t\t\t\t\t<div class=\"icon-placeholder\"><span class=\"ctl-timeline-date\">2011<\/span><\/div>\r\n\t\t\t\t\t\t\t\t<div class=\"timeline-bar\"><\/div>\r\n\t\t\t\t\t\t\t\t<\/div><!-- .timeline-post-start--><div  class=\"timeline-post even light-grey-post icons_no  clean-skin\"  id=\"story-189\"><div  data-aos=\"none\" class=\"timeline-meta\"><div class=\"meta-details\">2011<\/div><\/div><div  data-aos=\"none\" class=\"timeline-icon icon-dot-full\"><div class=\"timeline-bar\"><\/div><\/div><div  data-aos=\"none\" class=\"timeline-content clearfix\"><h2 class=\"content-title\">2011<\/h2><div class=\"ctl_info event-description full\"><div class=\"full-width\"><a title=\"2011\"  href=\"https:\/\/burkinath.org\/wp-content\/uploads\/2021\/06\/2011-3-2-scaled.jpg\" class=\"ctl_prettyPhoto\"><img width=\"525\" height=\"350\" src=\"https:\/\/burkinath.org\/wp-content\/uploads\/2021\/06\/2011-3-2-1024x683.jpg\" class=\"story-img wp-post-image\" alt=\"2011\" loading=\"lazy\" srcset=\"https:\/\/burkinath.org\/wp-content\/uploads\/2021\/06\/2011-3-2-1024x683.jpg 1024w, https:\/\/burkinath.org\/wp-content\/uploads\/2021\/06\/2011-3-2-300x200.jpg 300w, https:\/\/burkinath.org\/wp-content\/uploads\/2021\/06\/2011-3-2-768x512.jpg 768w, https:\/\/burkinath.org\/wp-content\/uploads\/2021\/06\/2011-3-2-1536x1024.jpg 1536w, https:\/\/burkinath.org\/wp-content\/uploads\/2021\/06\/2011-3-2-2048x1365.jpg 2048w\" sizes=\"100vw\" \/><\/a><\/div><div class=\"content-details\">Envoi par Lom\u00e9 d\u2019une ambulance offerte par ABC Aquitaine de Philippe Barr\u00e8re. Livraison de quatre ordinateurs Construction d\u2019une fosse \u00e9tanche au dispensaire Noom Wend\u00e9 \u00e0 Ouagadougou Mise en place d\u2019atelier..<a class=\"read_more ctl_read_more\" target=\"_self\" href=\"https:\/\/burkinath.org\/index.php\/cool_timeline\/2011\/\">Read More<\/a><\/div><\/div><\/div><!-- timeline content --><\/div><!-- .timeline-post-end --><div  data-aos=\"none\"  class=\"timeline-year scrollable-section\"\r\n\t\t\t\t\t\t\t\tdata-section-title=\"2008\" id=\"clt-2008\">\r\n\t\t\t\t\t\t\t\t<div class=\"icon-placeholder\"><span class=\"ctl-timeline-date\">2008<\/span><\/div>\r\n\t\t\t\t\t\t\t\t<div class=\"timeline-bar\"><\/div>\r\n\t\t\t\t\t\t\t\t<\/div><!-- .timeline-post-start--><div  class=\"timeline-post odd light-grey-post icons_no  clean-skin\"  id=\"story-136\"><div  data-aos=\"none\" class=\"timeline-meta\"><div class=\"meta-details\">2008<\/div><\/div><div  data-aos=\"none\" class=\"timeline-icon icon-dot-full\"><div class=\"timeline-bar\"><\/div><\/div><div  data-aos=\"none\" class=\"timeline-content clearfix\"><h2 class=\"content-title\">Mission 2008<\/h2><div class=\"ctl_info event-description full\"><div class=\"full-width\"><a title=\"Mission 2008\"  href=\"https:\/\/burkinath.org\/wp-content\/uploads\/2021\/06\/2008-4-2.jpg\" class=\"ctl_prettyPhoto\"><img width=\"525\" height=\"393\" src=\"https:\/\/burkinath.org\/wp-content\/uploads\/2021\/06\/2008-4-2.jpg\" class=\"story-img wp-post-image\" alt=\"Mission 2008\" loading=\"lazy\" srcset=\"https:\/\/burkinath.org\/wp-content\/uploads\/2021\/06\/2008-4-2.jpg 958w, https:\/\/burkinath.org\/wp-content\/uploads\/2021\/06\/2008-4-2-300x225.jpg 300w, https:\/\/burkinath.org\/wp-content\/uploads\/2021\/06\/2008-4-2-768x576.jpg 768w\" sizes=\"100vw\" \/><\/a><\/div><div class=\"content-details\">Budget\u00a0: 30 \u00a0000 euros Convoyage et don d\u2019un bus pour transport scolaire. Don d\u2019un Renault Espace au dispensaire (Offert par Olivier Chauveau) D\u2019un fourgon Mercedes au village de Thion (offert..<a class=\"read_more ctl_read_more\" target=\"_self\" href=\"https:\/\/burkinath.org\/index.php\/cool_timeline\/mission-2008\/\">Read More<\/a><\/div><\/div><\/div><!-- timeline content --><\/div><!-- .timeline-post-end --><div  data-aos=\"none\"  class=\"timeline-year scrollable-section\"\r\n\t\t\t\t\t\t\t\tdata-section-title=\"2006\" id=\"clt-2006\">\r\n\t\t\t\t\t\t\t\t<div class=\"icon-placeholder\"><span class=\"ctl-timeline-date\">2006<\/span><\/div>\r\n\t\t\t\t\t\t\t\t<div class=\"timeline-bar\"><\/div>\r\n\t\t\t\t\t\t\t\t<\/div><!-- .timeline-post-start--><div  class=\"timeline-post even light-grey-post icons_no  clean-skin\"  id=\"story-107\"><div  data-aos=\"none\" class=\"timeline-meta\"><div class=\"meta-details\">2006<\/div><\/div><div  data-aos=\"none\" class=\"timeline-icon icon-dot-full\"><div class=\"timeline-bar\"><\/div><\/div><div  data-aos=\"none\" class=\"timeline-content clearfix\"><h2 class=\"content-title\">Mission 2006<\/h2><div class=\"ctl_info event-description full\"><div class=\"full-width\"><a title=\"Mission 2006\"  href=\"https:\/\/burkinath.org\/wp-content\/uploads\/2021\/06\/2006-2-3.jpg\" class=\"ctl_prettyPhoto\"><img width=\"525\" height=\"394\" src=\"https:\/\/burkinath.org\/wp-content\/uploads\/2021\/06\/2006-2-3.jpg\" class=\"story-img wp-post-image\" alt=\"Mission 2006\" loading=\"lazy\" srcset=\"https:\/\/burkinath.org\/wp-content\/uploads\/2021\/06\/2006-2-3.jpg 880w, https:\/\/burkinath.org\/wp-content\/uploads\/2021\/06\/2006-2-3-300x225.jpg 300w, https:\/\/burkinath.org\/wp-content\/uploads\/2021\/06\/2006-2-3-768x576.jpg 768w\" sizes=\"100vw\" \/><\/a><\/div><div class=\"content-details\">Livraison d\u2019une ambulance dispensaire Noom Wend\u00e9 et d\u2019un ordinateur. Livraison d\u2019une ambulance au village de Saria.\u00a0 Dons de 2000 Euros pour d\u00e9douanement des ambulances, dont 1000 euros financ\u00e9s par Cobaty..<a class=\"read_more ctl_read_more\" target=\"_self\" href=\"https:\/\/burkinath.org\/index.php\/cool_timeline\/mission-2006\/\">Read More<\/a><\/div><\/div><\/div><!-- timeline content --><\/div><!-- .timeline-post-end --><div  data-aos=\"none\"  class=\"timeline-year scrollable-section\"\r\n\t\t\t\t\t\t\t\tdata-section-title=\"2004\" id=\"clt-2004\">\r\n\t\t\t\t\t\t\t\t<div class=\"icon-placeholder\"><span class=\"ctl-timeline-date\">2004<\/span><\/div>\r\n\t\t\t\t\t\t\t\t<div class=\"timeline-bar\"><\/div>\r\n\t\t\t\t\t\t\t\t<\/div><!-- .timeline-post-start--><div  class=\"timeline-post odd light-grey-post icons_no  clean-skin\"  id=\"story-106\"><div  data-aos=\"none\" class=\"timeline-meta\"><div class=\"meta-details\">2004<\/div><\/div><div  data-aos=\"none\" class=\"timeline-icon icon-dot-full\"><div class=\"timeline-bar\"><\/div><\/div><div  data-aos=\"none\" class=\"timeline-content clearfix\"><h2 class=\"content-title\">Mission 2004<\/h2><div class=\"ctl_info event-description full\"><div class=\"full-width\"><a title=\"Mission 2004\"  href=\"https:\/\/burkinath.org\/wp-content\/uploads\/2021\/06\/2004-1-2.jpg\" class=\"ctl_prettyPhoto\"><img width=\"525\" height=\"323\" src=\"https:\/\/burkinath.org\/wp-content\/uploads\/2021\/06\/2004-1-2-1024x630.jpg\" class=\"story-img wp-post-image\" alt=\"Mission 2004\" loading=\"lazy\" srcset=\"https:\/\/burkinath.org\/wp-content\/uploads\/2021\/06\/2004-1-2-1024x630.jpg 1024w, https:\/\/burkinath.org\/wp-content\/uploads\/2021\/06\/2004-1-2-300x185.jpg 300w, https:\/\/burkinath.org\/wp-content\/uploads\/2021\/06\/2004-1-2-768x472.jpg 768w, https:\/\/burkinath.org\/wp-content\/uploads\/2021\/06\/2004-1-2.jpg 1078w\" sizes=\"100vw\" \/><\/a><\/div><div class=\"content-details\">Livraison d\u2019une ambulance au dispensaire Noom Wend\u00e9 \u00e0 Ouagadougou. Livraison d\u2019un Fourgon Mercedes \u00e0 une association \u00e0 Ouagadougou. Transport d\u2019une\u00a0 tonne de v\u00eatements, jouets\u00a0 et m\u00e9dicaments au dispensaire.<\/div><\/div><\/div><!-- timeline content --><\/div><!-- .timeline-post-end --><\/div><div class=\"clearfix\"><\/div><\/div> <\/div><!-- end\r\n\t\t\t================================================== -->","protected":false},"excerpt":{"rendered":"<p>Voici les derni\u00e8res missions de l&#8217;Association:<\/p>\n","protected":false},"author":1,"featured_media":0,"parent":0,"menu_order":0,"comment_status":"closed","ping_status":"closed","template":"","meta":{"ngg_post_thumbnail":0},"_links":{"self":[{"href":"https:\/\/burkinath.org\/index.php\/wp-json\/wp\/v2\/pages\/41"}],"collection":[{"href":"https:\/\/burkinath.org\/index.php\/wp-json\/wp\/v2\/pages"}],"about":[{"href":"https:\/\/burkinath.org\/index.php\/wp-json\/wp\/v2\/types\/page"}],"author":[{"embeddable":true,"href":"https:\/\/burkinath.org\/index.php\/wp-json\/wp\/v2\/users\/1"}],"replies":[{"embeddable":true,"href":"https:\/\/burkinath.org\/index.php\/wp-json\/wp\/v2\/comments?post=41"}],"version-history":[{"count":15,"href":"https:\/\/burkinath.org\/index.php\/wp-json\/wp\/v2\/pages\/41\/revisions"}],"predecessor-version":[{"id":135,"href":"https:\/\/burkinath.org\/index.php\/wp-json\/wp\/v2\/pages\/41\/revisions\/135"}],"wp:attachment":[{"href":"https:\/\/burkinath.org\/index.php\/wp-json\/wp\/v2\/media?parent=41"}],"curies":[{"name":"wp","href":"https:\/\/api.w.org\/{rel}","templated":true}]}}